{"id":66586,"date":"2025-01-15T16:05:33","date_gmt":"2025-01-15T14:05:33","guid":{"rendered":"https:\/\/cycladic.gr\/?post_type=product&#038;p=66586"},"modified":"2026-03-13T07:26:35","modified_gmt":"2026-03-13T05:26:35","slug":"joan-miro-sculptures","status":"publish","type":"product","link":"https:\/\/cycladic.gr\/en\/product\/joan-miro-sculptures\/","title":{"rendered":"Joan Miro Sculptures"},"content":{"rendered":"<p>This is the first time a Dutch museum has devoted an exhibition exclusively to the three-dimensional work of Joan Mir\u00f3. Thanks to close cooperation with renowned museum partners and public collections, including the Fundaci\u00f3 Joan Mir\u00f3 and the Fondation Maeght, 55 sculptures by the Catalan grandmaster of surrealism will be shown to the public. The selection includes some plaster models never before exhibited in a museum. The exhibition is accompanied by this richly illustrated publication, which, among other things, details the artist&#8217;s working methods and the symbolism of his sculpture<\/p>\n","protected":false},"excerpt":{"rendered":"<p>This is the first time a Dutch museum has devoted an exhibition exclusively to the three-dimensional work of Joan Mir\u00f3. Thanks to close cooperation with renowned museum partners and public collections, including the Fundaci\u00f3 Joan Mir\u00f3 and the Fondation Maeght, 55 sculptures by the Catalan grandmaster of surrealism will be shown to the public. The [&hellip;]<\/p>\n","protected":false},"featured_media":66585,"template":"","meta":{"_acf_changed":false},"product_brand":[],"product_cat":[707],"product_tag":[],"product_group":[655],"product_general_cat":[],"class_list":{"0":"post-66586","1":"product","2":"type-product","3":"status-publish","4":"has-post-thumbnail","6":"product_cat-books","7":"pa_material-paper","8":"product_group--en","10":"first","11":"instock","12":"taxable","13":"shipping-taxable","14":"purchasable","15":"product-type-simple"},"acf":[],"yoast_head":"<!-- This site is optimized with the Yoast SEO plugin v27.2 - https:\/\/yoast.com\/product\/yoast-seo-wordpress\/ -->\n<title>Joan Miro Sculptures - Museum of Cycladic Art<\/title>\n<meta name=\"robots\" content=\"index, follow, max-snippet:-1, max-image-preview:large, max-video-preview:-1\" \/>\n<link rel=\"canonical\" href=\"https:\/\/cycladic.gr\/product\/joan-miro-sculptures\/\" \/>\n<meta property=\"og:locale\" content=\"en_US\" \/>\n<meta property=\"og:type\" content=\"article\" \/>\n<meta property=\"og:title\" content=\"Joan Miro Sculptures - Museum of Cycladic Art\" \/>\n<meta property=\"og:description\" content=\"This is the first time a Dutch museum has devoted an exhibition exclusively to the three-dimensional work of Joan Mir\u00f3. Thanks to close cooperation with renowned museum partners and public collections, including the Fundaci\u00f3 Joan Mir\u00f3 and the Fondation Maeght, 55 sculptures by the Catalan grandmaster of surrealism will be shown to the public. The [&hellip;]\" \/>\n<meta property=\"og:url\" content=\"https:\/\/cycladic.gr\/product\/joan-miro-sculptures\/\" \/>\n<meta property=\"og:site_name\" content=\"Museum of Cycladic Art\" \/>\n<meta property=\"article:publisher\" content=\"https:\/\/www.facebook.com\/CycladicArtMuseum\/\" \/>\n<meta property=\"article:modified_time\" content=\"2026-03-13T05:26:35+00:00\" \/>\n<meta property=\"og:image\" content=\"https:\/\/cycladic.gr\/wp-content\/uploads\/2025\/01\/74840.jpg\" \/>\n\t<meta property=\"og:image:width\" content=\"1920\" \/>\n\t<meta property=\"og:image:height\" content=\"1440\" \/>\n\t<meta property=\"og:image:type\" content=\"image\/jpeg\" \/>\n<meta name=\"twitter:card\" content=\"summary_large_image\" \/>\n<meta name=\"twitter:label1\" content=\"Est. reading time\" \/>\n\t<meta name=\"twitter:data1\" content=\"1 minute\" \/>\n<script type=\"application\/ld+json\" class=\"yoast-schema-graph\">{\"@context\":\"https:\/\/schema.org\",\"@graph\":[{\"@type\":\"WebPage\",\"@id\":\"https:\/\/cycladic.gr\/product\/joan-miro-sculptures\/\",\"url\":\"https:\/\/cycladic.gr\/product\/joan-miro-sculptures\/\",\"name\":\"Joan Miro Sculptures - Museum of Cycladic Art\",\"isPartOf\":{\"@id\":\"https:\/\/cycladic.gr\/#website\"},\"primaryImageOfPage\":{\"@id\":\"https:\/\/cycladic.gr\/product\/joan-miro-sculptures\/#primaryimage\"},\"image\":{\"@id\":\"https:\/\/cycladic.gr\/product\/joan-miro-sculptures\/#primaryimage\"},\"thumbnailUrl\":\"https:\/\/cycladic.gr\/wp-content\/uploads\/2025\/01\/74840.jpg\",\"datePublished\":\"2025-01-15T14:05:33+00:00\",\"dateModified\":\"2026-03-13T05:26:35+00:00\",\"breadcrumb\":{\"@id\":\"https:\/\/cycladic.gr\/product\/joan-miro-sculptures\/#breadcrumb\"},\"inLanguage\":\"en-US\",\"potentialAction\":[{\"@type\":\"ReadAction\",\"target\":[\"https:\/\/cycladic.gr\/product\/joan-miro-sculptures\/\"]}]},{\"@type\":\"ImageObject\",\"inLanguage\":\"en-US\",\"@id\":\"https:\/\/cycladic.gr\/product\/joan-miro-sculptures\/#primaryimage\",\"url\":\"https:\/\/cycladic.gr\/wp-content\/uploads\/2025\/01\/74840.jpg\",\"contentUrl\":\"https:\/\/cycladic.gr\/wp-content\/uploads\/2025\/01\/74840.jpg\",\"width\":1920,\"height\":1440,\"caption\":\"Joan Miro Sculptures\"},{\"@type\":\"BreadcrumbList\",\"@id\":\"https:\/\/cycladic.gr\/product\/joan-miro-sculptures\/#breadcrumb\",\"itemListElement\":[{\"@type\":\"ListItem\",\"position\":1,\"name\":\"\u0391\u03c1\u03c7\u03b9\u03ba\u03ae\",\"item\":\"https:\/\/cycladic.gr\/en\/\"},{\"@type\":\"ListItem\",\"position\":2,\"name\":\"Shop\",\"item\":\"https:\/\/cycladic.gr\/en\/shop\/\"},{\"@type\":\"ListItem\",\"position\":3,\"name\":\"Joan Miro Sculptures\"}]},{\"@type\":\"WebSite\",\"@id\":\"https:\/\/cycladic.gr\/#website\",\"url\":\"https:\/\/cycladic.gr\/\",\"name\":\"Museum of Cycladic Art\",\"description\":\"\",\"potentialAction\":[{\"@type\":\"SearchAction\",\"target\":{\"@type\":\"EntryPoint\",\"urlTemplate\":\"https:\/\/cycladic.gr\/?s={search_term_string}\"},\"query-input\":{\"@type\":\"PropertyValueSpecification\",\"valueRequired\":true,\"valueName\":\"search_term_string\"}}],\"inLanguage\":\"en-US\"}]}<\/script>\n<!-- \/ Yoast SEO plugin. -->","yoast_head_json":{"title":"Joan Miro Sculptures - Museum of Cycladic Art","robots":{"index":"index","follow":"follow","max-snippet":"max-snippet:-1","max-image-preview":"max-image-preview:large","max-video-preview":"max-video-preview:-1"},"canonical":"https:\/\/cycladic.gr\/product\/joan-miro-sculptures\/","og_locale":"en_US","og_type":"article","og_title":"Joan Miro Sculptures - Museum of Cycladic Art","og_description":"This is the first time a Dutch museum has devoted an exhibition exclusively to the three-dimensional work of Joan Mir\u00f3. Thanks to close cooperation with renowned museum partners and public collections, including the Fundaci\u00f3 Joan Mir\u00f3 and the Fondation Maeght, 55 sculptures by the Catalan grandmaster of surrealism will be shown to the public. The [&hellip;]","og_url":"https:\/\/cycladic.gr\/product\/joan-miro-sculptures\/","og_site_name":"Museum of Cycladic Art","article_publisher":"https:\/\/www.facebook.com\/CycladicArtMuseum\/","article_modified_time":"2026-03-13T05:26:35+00:00","og_image":[{"width":1920,"height":1440,"url":"https:\/\/cycladic.gr\/wp-content\/uploads\/2025\/01\/74840.jpg","type":"image\/jpeg"}],"twitter_card":"summary_large_image","twitter_misc":{"Est. reading time":"1 minute"},"schema":{"@context":"https:\/\/schema.org","@graph":[{"@type":"WebPage","@id":"https:\/\/cycladic.gr\/product\/joan-miro-sculptures\/","url":"https:\/\/cycladic.gr\/product\/joan-miro-sculptures\/","name":"Joan Miro Sculptures - Museum of Cycladic Art","isPartOf":{"@id":"https:\/\/cycladic.gr\/#website"},"primaryImageOfPage":{"@id":"https:\/\/cycladic.gr\/product\/joan-miro-sculptures\/#primaryimage"},"image":{"@id":"https:\/\/cycladic.gr\/product\/joan-miro-sculptures\/#primaryimage"},"thumbnailUrl":"https:\/\/cycladic.gr\/wp-content\/uploads\/2025\/01\/74840.jpg","datePublished":"2025-01-15T14:05:33+00:00","dateModified":"2026-03-13T05:26:35+00:00","breadcrumb":{"@id":"https:\/\/cycladic.gr\/product\/joan-miro-sculptures\/#breadcrumb"},"inLanguage":"en-US","potentialAction":[{"@type":"ReadAction","target":["https:\/\/cycladic.gr\/product\/joan-miro-sculptures\/"]}]},{"@type":"ImageObject","inLanguage":"en-US","@id":"https:\/\/cycladic.gr\/product\/joan-miro-sculptures\/#primaryimage","url":"https:\/\/cycladic.gr\/wp-content\/uploads\/2025\/01\/74840.jpg","contentUrl":"https:\/\/cycladic.gr\/wp-content\/uploads\/2025\/01\/74840.jpg","width":1920,"height":1440,"caption":"Joan Miro Sculptures"},{"@type":"BreadcrumbList","@id":"https:\/\/cycladic.gr\/product\/joan-miro-sculptures\/#breadcrumb","itemListElement":[{"@type":"ListItem","position":1,"name":"\u0391\u03c1\u03c7\u03b9\u03ba\u03ae","item":"https:\/\/cycladic.gr\/en\/"},{"@type":"ListItem","position":2,"name":"Shop","item":"https:\/\/cycladic.gr\/en\/shop\/"},{"@type":"ListItem","position":3,"name":"Joan Miro Sculptures"}]},{"@type":"WebSite","@id":"https:\/\/cycladic.gr\/#website","url":"https:\/\/cycladic.gr\/","name":"Museum of Cycladic Art","description":"","potentialAction":[{"@type":"SearchAction","target":{"@type":"EntryPoint","urlTemplate":"https:\/\/cycladic.gr\/?s={search_term_string}"},"query-input":{"@type":"PropertyValueSpecification","valueRequired":true,"valueName":"search_term_string"}}],"inLanguage":"en-US"}]}},"_links":{"self":[{"href":"https:\/\/cycladic.gr\/en\/wp-json\/wp\/v2\/product\/66586","targetHints":{"allow":["GET"]}}],"collection":[{"href":"https:\/\/cycladic.gr\/en\/wp-json\/wp\/v2\/product"}],"about":[{"href":"https:\/\/cycladic.gr\/en\/wp-json\/wp\/v2\/types\/product"}],"wp:featuredmedia":[{"embeddable":true,"href":"https:\/\/cycladic.gr\/en\/wp-json\/wp\/v2\/media\/66585"}],"wp:attachment":[{"href":"https:\/\/cycladic.gr\/en\/wp-json\/wp\/v2\/media?parent=66586"}],"wp:term":[{"taxonomy":"product_brand","embeddable":true,"href":"https:\/\/cycladic.gr\/en\/wp-json\/wp\/v2\/product_brand?post=66586"},{"taxonomy":"product_cat","embeddable":true,"href":"https:\/\/cycladic.gr\/en\/wp-json\/wp\/v2\/product_cat?post=66586"},{"taxonomy":"product_tag","embeddable":true,"href":"https:\/\/cycladic.gr\/en\/wp-json\/wp\/v2\/product_tag?post=66586"},{"taxonomy":"product_group","embeddable":true,"href":"https:\/\/cycladic.gr\/en\/wp-json\/wp\/v2\/product_group?post=66586"},{"taxonomy":"product_general_cat","embeddable":true,"href":"https:\/\/cycladic.gr\/en\/wp-json\/wp\/v2\/product_general_cat?post=66586"}],"curies":[{"name":"wp","href":"https:\/\/api.w.org\/{rel}","templated":true}]}}