{"id":66145,"date":"2024-12-09T16:59:49","date_gmt":"2024-12-09T14:59:49","guid":{"rendered":"https:\/\/cycladic.gr\/chalkino-zevgari-aftion-me-anathimatiki-epigrafi-stin-isida\/"},"modified":"2025-01-08T17:40:14","modified_gmt":"2025-01-08T15:40:14","slug":"chalkino-zevgari-aftion-me-anathimatiki-epigrafi-stin-isida","status":"publish","type":"page","link":"https:\/\/cycladic.gr\/en\/chalkino-zevgari-aftion-me-anathimatiki-epigrafi-stin-isida\/","title":{"rendered":"Pair of bronze ears with dedicatory inscription to Isis"},"content":{"rendered":"<section class=\"section HeaderBlock \">\n  <header>\n  <h1 class=\"title\">Pair of bronze ears with dedicatory inscription to Isis<\/h1>    <\/header>          <div \n      class=\"imgWithCaption card  \" \n          >\n        <figure class=\"image ratio-L_16-9\">\n              <img decoding=\"async\" src=\"https:\/\/cycladic.gr\/wp-content\/uploads\/2024\/12\/\u03b1\u03c5\u03c4\u03b9\u03ac.jpg\" alt=\"\" srcset=\"https:\/\/cycladic.gr\/wp-content\/uploads\/2024\/12\/\u03b1\u03c5\u03c4\u03b9\u03ac-300x169.jpg 300w, https:\/\/cycladic.gr\/wp-content\/uploads\/2024\/12\/\u03b1\u03c5\u03c4\u03b9\u03ac-1024x576.jpg 1024w, https:\/\/cycladic.gr\/wp-content\/uploads\/2024\/12\/\u03b1\u03c5\u03c4\u03b9\u03ac-768x432.jpg 768w, https:\/\/cycladic.gr\/wp-content\/uploads\/2024\/12\/\u03b1\u03c5\u03c4\u03b9\u03ac-1536x864.jpg 1536w, https:\/\/cycladic.gr\/wp-content\/uploads\/2024\/12\/\u03b1\u03c5\u03c4\u03b9\u03ac-600x338.jpg 600w, https:\/\/cycladic.gr\/wp-content\/uploads\/2024\/12\/\u03b1\u03c5\u03c4\u03b9\u03ac.jpg 1920w\" sizes=\"100vw\" \/>\n          <\/figure>\n        \n  <\/div>\n\n  \n  <\/section>\n\n\n\n\n<section class=\"section ContentBlock\" >\n    \n  <div class=\"main mobileFirst\">\n    <div class=\"left \">\n                        <div class=\"mainText\">\n<p>Two bronze human ears in relief, dating back to the Hellenistic period, bear testimony, according to the accompanying inscription, to the votive offering dedicated to Isis by Diogenes, from Antioch, in the most significant sanctuary of Egyptian gods in Delos.<\/p>\n<p>Diogenes addresses his supplication (<em>\u03b5\u1f50\u03c7\u03ae<\/em>=prayer), like the ears he proffers of the merciful goddess Isis who is \u201cwilling to listen\u201d, hoping to be heard.<\/p>\n<p>The cult of Isis, the great and primordial Egyptian goddess, was introduced into ancient Greece in the 4th century BC, and gained greater prominence after the campaign of Alexander the Great and the establishment and subsequent influence of the Prolemaic Kingdom. It was originally spread through merchants and travellers to insular, coastal cities and ports, such as Piraeus and Eretria.<\/p>\n<p>During the Hellenistic times, the cosmopolitan island of Delos was dominated by Isis who appears with a multitude of invocations (Dikaiosyn\u0113, Nemesis, Nike, Pr\u014dtogeneia, of Taposiris, Tych\u0113, Hygeia) and is accompanied by many epithets (dikaia=righteous, euploia=of good sailing, s\u014dteira=deliverer, chr\u0113st\u0113=serviceable), while she is associated with goddesses with whom she shares common attributes, such as Astarte, Aphrodite and the Mother of the Gods.<\/p>\n<p><a href=\"https:\/\/cycladic.gr\/wp-content\/uploads\/2024\/12\/054.-\u03a7\u0391\u039b\u039a\u0399\u039d\u039f-\u0396\u0395\u03a5\u0393\u0391\u03a1\u0399-\u0391\u03a5\u03a4\u0399\u03a9\u039d.pdf\" target=\"_blank\" rel=\"noopener\"><span class=\"button arrowRight blockbtn primary standard custom\">READ THE INSCRIPTION<\/span><\/a><\/p>\n\n  <!-- Rich Text Editor Start -->\n  <\/div>\n\n                  <\/div>\n    <div class=\"right sticky\">\n              \n          <\/div>\n  <\/div>\n<\/section>","protected":false},"excerpt":{"rendered":"","protected":false},"author":18835,"featured_media":0,"parent":0,"menu_order":0,"comment_status":"closed","ping_status":"closed","template":"","meta":{"_acf_changed":false,"footnotes":""},"class_list":["post-66145","page","type-page","status-publish","hentry"],"acf":[],"yoast_head":"<!-- This site is optimized with the Yoast SEO plugin v27.4 - https:\/\/yoast.com\/product\/yoast-seo-wordpress\/ -->\n<title>Pair of bronze ears with dedicatory inscription to Isis - Museum of Cycladic Art<\/title>\n<meta name=\"robots\" content=\"index, follow, max-snippet:-1, max-image-preview:large, max-video-preview:-1\" \/>\n<link rel=\"canonical\" href=\"https:\/\/cycladic.gr\/en\/chalkino-zevgari-aftion-me-anathimatiki-epigrafi-stin-isida\/\" \/>\n<meta property=\"og:locale\" content=\"en_US\" \/>\n<meta property=\"og:type\" content=\"article\" \/>\n<meta property=\"og:title\" content=\"Pair of bronze ears with dedicatory inscription to Isis - Museum of Cycladic Art\" \/>\n<meta property=\"og:url\" content=\"https:\/\/cycladic.gr\/en\/chalkino-zevgari-aftion-me-anathimatiki-epigrafi-stin-isida\/\" \/>\n<meta property=\"og:site_name\" content=\"Museum of Cycladic Art\" \/>\n<meta property=\"article:publisher\" content=\"https:\/\/www.facebook.com\/CycladicArtMuseum\/\" \/>\n<meta property=\"article:modified_time\" content=\"2025-01-08T15:40:14+00:00\" \/>\n<meta name=\"twitter:card\" content=\"summary_large_image\" \/>\n<script type=\"application\/ld+json\" class=\"yoast-schema-graph\">{\"@context\":\"https:\\\/\\\/schema.org\",\"@graph\":[{\"@type\":\"WebPage\",\"@id\":\"https:\\\/\\\/cycladic.gr\\\/en\\\/chalkino-zevgari-aftion-me-anathimatiki-epigrafi-stin-isida\\\/\",\"url\":\"https:\\\/\\\/cycladic.gr\\\/en\\\/chalkino-zevgari-aftion-me-anathimatiki-epigrafi-stin-isida\\\/\",\"name\":\"Pair of bronze ears with dedicatory inscription to Isis - Museum of Cycladic Art\",\"isPartOf\":{\"@id\":\"https:\\\/\\\/cycladic.gr\\\/#website\"},\"datePublished\":\"2024-12-09T14:59:49+00:00\",\"dateModified\":\"2025-01-08T15:40:14+00:00\",\"breadcrumb\":{\"@id\":\"https:\\\/\\\/cycladic.gr\\\/en\\\/chalkino-zevgari-aftion-me-anathimatiki-epigrafi-stin-isida\\\/#breadcrumb\"},\"inLanguage\":\"en-US\",\"potentialAction\":[{\"@type\":\"ReadAction\",\"target\":[\"https:\\\/\\\/cycladic.gr\\\/en\\\/chalkino-zevgari-aftion-me-anathimatiki-epigrafi-stin-isida\\\/\"]}]},{\"@type\":\"BreadcrumbList\",\"@id\":\"https:\\\/\\\/cycladic.gr\\\/en\\\/chalkino-zevgari-aftion-me-anathimatiki-epigrafi-stin-isida\\\/#breadcrumb\",\"itemListElement\":[{\"@type\":\"ListItem\",\"position\":1,\"name\":\"\u0391\u03c1\u03c7\u03b9\u03ba\u03ae\",\"item\":\"https:\\\/\\\/cycladic.gr\\\/en\\\/\"},{\"@type\":\"ListItem\",\"position\":2,\"name\":\"Pair of bronze ears with dedicatory inscription to Isis\"}]},{\"@type\":\"WebSite\",\"@id\":\"https:\\\/\\\/cycladic.gr\\\/#website\",\"url\":\"https:\\\/\\\/cycladic.gr\\\/\",\"name\":\"Museum of Cycladic Art\",\"description\":\"\",\"potentialAction\":[{\"@type\":\"SearchAction\",\"target\":{\"@type\":\"EntryPoint\",\"urlTemplate\":\"https:\\\/\\\/cycladic.gr\\\/?s={search_term_string}\"},\"query-input\":{\"@type\":\"PropertyValueSpecification\",\"valueRequired\":true,\"valueName\":\"search_term_string\"}}],\"inLanguage\":\"en-US\"}]}<\/script>\n<!-- \/ Yoast SEO plugin. -->","yoast_head_json":{"title":"Pair of bronze ears with dedicatory inscription to Isis - Museum of Cycladic Art","robots":{"index":"index","follow":"follow","max-snippet":"max-snippet:-1","max-image-preview":"max-image-preview:large","max-video-preview":"max-video-preview:-1"},"canonical":"https:\/\/cycladic.gr\/en\/chalkino-zevgari-aftion-me-anathimatiki-epigrafi-stin-isida\/","og_locale":"en_US","og_type":"article","og_title":"Pair of bronze ears with dedicatory inscription to Isis - Museum of Cycladic Art","og_url":"https:\/\/cycladic.gr\/en\/chalkino-zevgari-aftion-me-anathimatiki-epigrafi-stin-isida\/","og_site_name":"Museum of Cycladic Art","article_publisher":"https:\/\/www.facebook.com\/CycladicArtMuseum\/","article_modified_time":"2025-01-08T15:40:14+00:00","twitter_card":"summary_large_image","schema":{"@context":"https:\/\/schema.org","@graph":[{"@type":"WebPage","@id":"https:\/\/cycladic.gr\/en\/chalkino-zevgari-aftion-me-anathimatiki-epigrafi-stin-isida\/","url":"https:\/\/cycladic.gr\/en\/chalkino-zevgari-aftion-me-anathimatiki-epigrafi-stin-isida\/","name":"Pair of bronze ears with dedicatory inscription to Isis - Museum of Cycladic Art","isPartOf":{"@id":"https:\/\/cycladic.gr\/#website"},"datePublished":"2024-12-09T14:59:49+00:00","dateModified":"2025-01-08T15:40:14+00:00","breadcrumb":{"@id":"https:\/\/cycladic.gr\/en\/chalkino-zevgari-aftion-me-anathimatiki-epigrafi-stin-isida\/#breadcrumb"},"inLanguage":"en-US","potentialAction":[{"@type":"ReadAction","target":["https:\/\/cycladic.gr\/en\/chalkino-zevgari-aftion-me-anathimatiki-epigrafi-stin-isida\/"]}]},{"@type":"BreadcrumbList","@id":"https:\/\/cycladic.gr\/en\/chalkino-zevgari-aftion-me-anathimatiki-epigrafi-stin-isida\/#breadcrumb","itemListElement":[{"@type":"ListItem","position":1,"name":"\u0391\u03c1\u03c7\u03b9\u03ba\u03ae","item":"https:\/\/cycladic.gr\/en\/"},{"@type":"ListItem","position":2,"name":"Pair of bronze ears with dedicatory inscription to Isis"}]},{"@type":"WebSite","@id":"https:\/\/cycladic.gr\/#website","url":"https:\/\/cycladic.gr\/","name":"Museum of Cycladic Art","description":"","potentialAction":[{"@type":"SearchAction","target":{"@type":"EntryPoint","urlTemplate":"https:\/\/cycladic.gr\/?s={search_term_string}"},"query-input":{"@type":"PropertyValueSpecification","valueRequired":true,"valueName":"search_term_string"}}],"inLanguage":"en-US"}]}},"_links":{"self":[{"href":"https:\/\/cycladic.gr\/en\/wp-json\/wp\/v2\/pages\/66145","targetHints":{"allow":["GET"]}}],"collection":[{"href":"https:\/\/cycladic.gr\/en\/wp-json\/wp\/v2\/pages"}],"about":[{"href":"https:\/\/cycladic.gr\/en\/wp-json\/wp\/v2\/types\/page"}],"author":[{"embeddable":true,"href":"https:\/\/cycladic.gr\/en\/wp-json\/wp\/v2\/users\/18835"}],"replies":[{"embeddable":true,"href":"https:\/\/cycladic.gr\/en\/wp-json\/wp\/v2\/comments?post=66145"}],"version-history":[{"count":1,"href":"https:\/\/cycladic.gr\/en\/wp-json\/wp\/v2\/pages\/66145\/revisions"}],"predecessor-version":[{"id":66193,"href":"https:\/\/cycladic.gr\/en\/wp-json\/wp\/v2\/pages\/66145\/revisions\/66193"}],"wp:attachment":[{"href":"https:\/\/cycladic.gr\/en\/wp-json\/wp\/v2\/media?parent=66145"}],"curies":[{"name":"wp","href":"https:\/\/api.w.org\/{rel}","templated":true}]}}